{"id":36,"date":"2025-08-28T20:26:08","date_gmt":"2025-08-28T20:26:08","guid":{"rendered":"https:\/\/upiti.sunprotect.hr\/index.php\/home\/"},"modified":"2025-08-31T20:12:05","modified_gmt":"2025-08-31T20:12:05","slug":"home","status":"publish","type":"page","link":"https:\/\/upiti.sunprotect.hr\/","title":{"rendered":"Komunikator"},"content":{"rendered":"\t\t<div data-elementor-type=\"wp-page\" data-elementor-id=\"36\" class=\"elementor elementor-36\">\n\t\t\t\t<div class=\"elementor-element elementor-element-54768fda e-con-full e-flex e-con e-parent\" data-id=\"54768fda\" data-element_type=\"container\" data-e-type=\"container\">\n\t\t<div class=\"elementor-element elementor-element-b3dbfd8 e-con-full e-flex e-con e-child\" data-id=\"b3dbfd8\" data-element_type=\"container\" data-e-type=\"container\">\n\t\t\t\t<div class=\"elementor-element elementor-element-cb2d217 elementor-widget elementor-widget-image\" data-id=\"cb2d217\" data-element_type=\"widget\" data-e-type=\"widget\" data-widget_type=\"image.default\">\n\t\t\t\t\t\t\t\t\t\t\t\t\t\t\t<img fetchpriority=\"high\" decoding=\"async\" width=\"768\" height=\"109\" src=\"https:\/\/upiti.sunprotect.hr\/wp-content\/uploads\/2025\/08\/logo-768x109.png\" class=\"attachment-medium_large size-medium_large wp-image-76\" alt=\"\" srcset=\"https:\/\/upiti.sunprotect.hr\/wp-content\/uploads\/2025\/08\/logo-768x109.png 768w, https:\/\/upiti.sunprotect.hr\/wp-content\/uploads\/2025\/08\/logo-300x43.png 300w, https:\/\/upiti.sunprotect.hr\/wp-content\/uploads\/2025\/08\/logo-1024x145.png 1024w, https:\/\/upiti.sunprotect.hr\/wp-content\/uploads\/2025\/08\/logo-1536x218.png 1536w, https:\/\/upiti.sunprotect.hr\/wp-content\/uploads\/2025\/08\/logo-2048x290.png 2048w\" sizes=\"(max-width: 768px) 100vw, 768px\" \/>\t\t\t\t\t\t\t\t\t\t\t\t\t\t\t<\/div>\n\t\t\t\t<div class=\"elementor-element elementor-element-43831e8d elementor-widget elementor-widget-heading\" data-id=\"43831e8d\" data-element_type=\"widget\" data-e-type=\"widget\" data-widget_type=\"heading.default\">\n\t\t\t\t\t<h1 class=\"elementor-heading-title elementor-size-default\">Komunikator Sunprotect-a<\/h1>\t\t\t\t<\/div>\n\t\t\t\t<div class=\"elementor-element elementor-element-322f706 elementor-widget-divider--view-line elementor-widget elementor-widget-divider\" data-id=\"322f706\" data-element_type=\"widget\" data-e-type=\"widget\" data-widget_type=\"divider.default\">\n\t\t\t\t\t\t\t<div class=\"elementor-divider\">\n\t\t\t<span class=\"elementor-divider-separator\">\n\t\t\t\t\t\t<\/span>\n\t\t<\/div>\n\t\t\t\t\t\t<\/div>\n\t\t\t\t<div class=\"elementor-element elementor-element-6f99c144 elementor-widget__width-initial elementor-widget-mobile__width-inherit elementor-widget elementor-widget-text-editor\" data-id=\"6f99c144\" data-element_type=\"widget\" data-e-type=\"widget\" data-widget_type=\"text-editor.default\">\n\t\t\t\t\t\t\t\t\t<p>Ovdje nam mo\u017eete postaviti sva pitanja koja Vas zanimaju. Odaberite kategoriju upita i na\u0161 djelatnik \u0107e Vam odgovoriti u najbr\u017eem mogu\u0107em roku.<\/p>\t\t\t\t\t\t\t\t<\/div>\n\t\t\t\t<div class=\"elementor-element elementor-element-7824db44 elementor-align-left elementor-mobile-align-center elementor-invisible elementor-widget elementor-widget-button\" data-id=\"7824db44\" data-element_type=\"widget\" data-e-type=\"widget\" data-settings=\"{&quot;_animation&quot;:&quot;fadeInDown&quot;}\" data-widget_type=\"button.default\">\n\t\t\t\t\t\t\t\t\t\t<a class=\"elementor-button elementor-button-link elementor-size-sm\" href=\"https:\/\/narudzbe.sunprotect.hr\/kreator\/\" target=\"_blank\">\n\t\t\t\t\t\t<span class=\"elementor-button-content-wrapper\">\n\t\t\t\t\t\t\t\t\t<span class=\"elementor-button-text\">LINK NA KREATOR ZA DISTRIBUTERE<\/span>\n\t\t\t\t\t<\/span>\n\t\t\t\t\t<\/a>\n\t\t\t\t\t\t\t\t<\/div>\n\t\t\t\t<div class=\"elementor-element elementor-element-dbbbe13 elementor-widget elementor-widget-html\" data-id=\"dbbbe13\" data-element_type=\"widget\" data-e-type=\"widget\" data-widget_type=\"html.default\">\n\t\t\t\t\t\t\t\t<div id=\"wpsc-container\" style=\"display:none;\">\n\t\t\t\t<div class=\"wpsc-shortcode-container\" style=\"border: none !important;\">\n\t\t\t\t\t\t\t\t\t\t\t<div class=\"wpsc-body\"><\/div>\n\t\t\t\t\t\t\n\t\t\t\t<\/div>\n\t\t\t<\/div>\n\t\t\t\n\t\t\t<div class=\"wpsc-page-snippets\" style=\"display: none;\">\n\t\t\t\t<div class=\"wpsc-editor-attachment upload-waiting\">\n\t\t\t\t\t<div class=\"attachment-label\"><\/div>\n\t\t\t\t\t<div class=\"attachment-remove\" onclick=\"wpsc_remove_attachment(this)\">\n\t\t\t\t\t<svg aria-hidden=\"true\" class=\"svg-inline--fa fa-times fa-w-11\" role=\"img\" xmlns=\"http:\/\/www.w3.org\/2000\/svg\" viewBox=\"0 0 352 512\"><path fill=\"currentColor\" d=\"M242.72 256l100.07-100.07c12.28-12.28 12.28-32.19 0-44.48l-22.24-22.24c-12.28-12.28-32.19-12.28-44.48 0L176 189.28 75.93 89.21c-12.28-12.28-32.19-12.28-44.48 0L9.21 111.45c-12.28 12.28-12.28 32.19 0 44.48L109.28 256 9.21 356.07c-12.28 12.28-12.28 32.19 0 44.48l22.24 22.24c12.28 12.28 32.2 12.28 44.48 0L176 322.72l100.07 100.07c12.28 12.28 32.2 12.28 44.48 0l22.24-22.24c12.28-12.28 12.28-32.19 0-44.48L242.72 256z\"><\/path><\/svg>\t\t\t\t\t<\/div>\n\t\t\t\t\t<div class=\"attachment-waiting\"><\/div>\n\t\t\t\t<\/div>\n\t\t\t<\/div>\n\t\t\t\n\t\t\t<script type=\"text\/javascript\">\n\t\t\t\t\/**\n\t\t\t\t * Get create ticket form\n\t\t\t\t *\/\n\t\t\t\tfunction wpsc_get_ticket_form() {\n\n\t\t\t\t\tif (wpsc_is_description_text()) {\n\t\t\t\t\t\tif ( confirm(supportcandy.translations.warning_message)) {\n\t\t\t\t\t\t\tcurrent_ticket = jQuery('#wpsc-current-ticket').val();\n\t\t\t\t\t\t\twpsc_clear_saved_draft_reply( current_ticket );\n\t\t\t\t\t\t}else{\n\t\t\t\t\t\t\treturn;\n\t\t\t\t\t\t}\n\t\t\t\t\t}\n\n\t\t\t\t\tjQuery('.wpsc-body').html(supportcandy.loader_html);\n\n\t\t\t\t\tif (supportcandy.is_reload != 1) {\n\t\t\t\t\t\twpsc_scroll_top();\n\t\t\t\t\t} else { supportcandy.is_reload = 0 }\n\n\t\t\t\t\tvar url = new URL(window.location.href);\n\t\t\t\t\tvar search_params = url.searchParams;\n\n\t\t\t\t\tvar data = {\n\t\t\t\t\t\taction: 'wpsc_get_ticket_form',\n\t\t\t\t\t\t_ajax_nonce: supportcandy.nonce\n\t\t\t\t\t};\n\t\t\t\t\tsearch_params.forEach(function(value, key) {\n\t\t\t\t\t\tdata[key] = value;\n\t\t\t\t\t});\n\t\t\t\t\tjQuery.post(supportcandy.ajax_url, data, function (response) {\n\t\t\t\t\t\tjQuery('.wpsc-body').html(response);\n\t\t\t\t\t\twpsc_reset_responsive_style();\n\t\t\t\t\t});\n\t\t\t\t}\n\n\t\t\t\t\/**\n\t\t\t\t * Get individual ticket\n\t\t\t\t *\/\n\t\t\t\tfunction wpsc_get_individual_ticket(id) {\n\n\t\t\t\t\tjQuery('.wpsc-tickets-nav, .wpsc-humbargar-menu-item').removeClass('active');\n\t\t\t\t\tjQuery('.wpsc-tickets-nav.ticket-list, .wpsc-humbargar-menu-item.ticket-list').addClass('active');\n\t\t\t\t\tjQuery('.wpsc-humbargar-title').html(supportcandy.humbargar_titles.ticket_list);\n\n\t\t\t\t\t\/\/ set url\n\t\t\t\t\tvar url = new URL(window.location.href);\n\t\t\t\t\tvar search_params = url.searchParams;\n\t\t\t\t\tsearch_params.set('wpsc-section', 'ticket-list');\n\t\t\t\t\tsearch_params.set('ticket-id', id);\n\t\t\t\t\turl.search = search_params.toString();\n\t\t\t\t\twindow.history.replaceState({}, null, url.toString());\n\n\t\t\t\t\tjQuery('.wpsc-body').html(supportcandy.loader_html);\n\n\t\t\t\t\t\/\/ set flag to differenciate between ticket list and individual ticket\n\t\t\t\t\tsupportcandy.ticketListIsIndividual = true;\n\n\t\t\t\t\tvar data = {\n\t\t\t\t\t\taction: 'wpsc_get_individual_ticket',\n\t\t\t\t\t\tticket_id: id,\n\t\t\t\t\t};\n\t\t\t\t\tsearch_params.forEach(function(value, key) {\n\t\t\t\t\t\tdata[key] = value;\n\t\t\t\t\t});\n\t\t\t\t\tjQuery.post(supportcandy.ajax_url, data, function (response) {\n\t\t\t\t\tjQuery('.wpsc-body').html(response);\n\t\t\t\t\twpsc_reset_responsive_style();\n\t\t\t\t\t});\n\t\t\t\t}\n\t\t\t<\/script>\n\t\t\t\t\t\t\t<\/div>\n\t\t\t\t<\/div>\n\t\t<div class=\"elementor-element elementor-element-59102c52 e-con-full e-flex e-con e-child\" data-id=\"59102c52\" data-element_type=\"container\" data-e-type=\"container\" data-settings=\"{&quot;background_background&quot;:&quot;classic&quot;}\">\n\t\t\t\t<\/div>\n\t\t\t\t<\/div>\n\t\t\t\t<\/div>\n\t\t","protected":false},"excerpt":{"rendered":"<p>Komunikator Sunprotect-a Ovdje nam mo\u017eete postaviti sva pitanja koja Vas zanimaju. Odaberite kategoriju upita i na\u0161 djelatnik \u0107e Vam odgovoriti u najbr\u017eem mogu\u0107em roku. LINK NA KREATOR ZA DISTRIBUTERE<\/p>\n","protected":false},"author":1,"featured_media":0,"parent":0,"menu_order":0,"comment_status":"closed","ping_status":"closed","template":"elementor_header_footer","meta":{"footnotes":""},"class_list":["post-36","page","type-page","status-publish","hentry"],"yoast_head":"<!-- This site is optimized with the Yoast SEO plugin v27.3 - https:\/\/yoast.com\/product\/yoast-seo-wordpress\/ -->\n<title>Komunikator -<\/title>\n<meta name=\"robots\" content=\"index, follow, max-snippet:-1, max-image-preview:large, max-video-preview:-1\" \/>\n<link rel=\"canonical\" href=\"https:\/\/upiti.sunprotect.hr\/\" \/>\n<meta property=\"og:locale\" content=\"hr_HR\" \/>\n<meta property=\"og:type\" content=\"article\" \/>\n<meta property=\"og:title\" content=\"Komunikator -\" \/>\n<meta property=\"og:description\" content=\"Komunikator Sunprotect-a Ovdje nam mo\u017eete postaviti sva pitanja koja Vas zanimaju. Odaberite kategoriju upita i na\u0161 djelatnik \u0107e Vam odgovoriti u najbr\u017eem mogu\u0107em roku. LINK NA KREATOR ZA DISTRIBUTERE\" \/>\n<meta property=\"og:url\" content=\"https:\/\/upiti.sunprotect.hr\/\" \/>\n<meta property=\"article:modified_time\" content=\"2025-08-31T20:12:05+00:00\" \/>\n<meta property=\"og:image\" content=\"https:\/\/upiti.sunprotect.hr\/wp-content\/uploads\/2025\/08\/logo-scaled.png\" \/>\n\t<meta property=\"og:image:width\" content=\"2560\" \/>\n\t<meta property=\"og:image:height\" content=\"363\" \/>\n\t<meta property=\"og:image:type\" content=\"image\/png\" \/>\n<meta name=\"twitter:card\" content=\"summary_large_image\" \/>\n<meta name=\"twitter:label1\" content=\"Procijenjeno vrijeme \u010ditanja\" \/>\n\t<meta name=\"twitter:data1\" content=\"1 minuta\" \/>\n<script type=\"application\/ld+json\" class=\"yoast-schema-graph\">{\"@context\":\"https:\\\/\\\/schema.org\",\"@graph\":[{\"@type\":\"WebPage\",\"@id\":\"https:\\\/\\\/upiti.sunprotect.hr\\\/\",\"url\":\"https:\\\/\\\/upiti.sunprotect.hr\\\/\",\"name\":\"Komunikator -\",\"isPartOf\":{\"@id\":\"https:\\\/\\\/upiti.sunprotect.hr\\\/#website\"},\"primaryImageOfPage\":{\"@id\":\"https:\\\/\\\/upiti.sunprotect.hr\\\/#primaryimage\"},\"image\":{\"@id\":\"https:\\\/\\\/upiti.sunprotect.hr\\\/#primaryimage\"},\"thumbnailUrl\":\"https:\\\/\\\/upiti.sunprotect.hr\\\/wp-content\\\/uploads\\\/2025\\\/08\\\/logo-768x109.png\",\"datePublished\":\"2025-08-28T20:26:08+00:00\",\"dateModified\":\"2025-08-31T20:12:05+00:00\",\"breadcrumb\":{\"@id\":\"https:\\\/\\\/upiti.sunprotect.hr\\\/#breadcrumb\"},\"inLanguage\":\"hr\",\"potentialAction\":[{\"@type\":\"ReadAction\",\"target\":[\"https:\\\/\\\/upiti.sunprotect.hr\\\/\"]}]},{\"@type\":\"ImageObject\",\"inLanguage\":\"hr\",\"@id\":\"https:\\\/\\\/upiti.sunprotect.hr\\\/#primaryimage\",\"url\":\"https:\\\/\\\/upiti.sunprotect.hr\\\/wp-content\\\/uploads\\\/2025\\\/08\\\/logo-scaled.png\",\"contentUrl\":\"https:\\\/\\\/upiti.sunprotect.hr\\\/wp-content\\\/uploads\\\/2025\\\/08\\\/logo-scaled.png\",\"width\":2560,\"height\":363},{\"@type\":\"BreadcrumbList\",\"@id\":\"https:\\\/\\\/upiti.sunprotect.hr\\\/#breadcrumb\",\"itemListElement\":[{\"@type\":\"ListItem\",\"position\":1,\"name\":\"Po\u010detna stranica\",\"item\":\"https:\\\/\\\/upiti.sunprotect.hr\\\/\"},{\"@type\":\"ListItem\",\"position\":2,\"name\":\"Komunikator\"}]},{\"@type\":\"WebSite\",\"@id\":\"https:\\\/\\\/upiti.sunprotect.hr\\\/#website\",\"url\":\"https:\\\/\\\/upiti.sunprotect.hr\\\/\",\"name\":\"\",\"description\":\"\",\"potentialAction\":[{\"@type\":\"SearchAction\",\"target\":{\"@type\":\"EntryPoint\",\"urlTemplate\":\"https:\\\/\\\/upiti.sunprotect.hr\\\/?s={search_term_string}\"},\"query-input\":{\"@type\":\"PropertyValueSpecification\",\"valueRequired\":true,\"valueName\":\"search_term_string\"}}],\"inLanguage\":\"hr\"}]}<\/script>\n<!-- \/ Yoast SEO plugin. -->","yoast_head_json":{"title":"Komunikator -","robots":{"index":"index","follow":"follow","max-snippet":"max-snippet:-1","max-image-preview":"max-image-preview:large","max-video-preview":"max-video-preview:-1"},"canonical":"https:\/\/upiti.sunprotect.hr\/","og_locale":"hr_HR","og_type":"article","og_title":"Komunikator -","og_description":"Komunikator Sunprotect-a Ovdje nam mo\u017eete postaviti sva pitanja koja Vas zanimaju. Odaberite kategoriju upita i na\u0161 djelatnik \u0107e Vam odgovoriti u najbr\u017eem mogu\u0107em roku. LINK NA KREATOR ZA DISTRIBUTERE","og_url":"https:\/\/upiti.sunprotect.hr\/","article_modified_time":"2025-08-31T20:12:05+00:00","og_image":[{"width":2560,"height":363,"url":"https:\/\/upiti.sunprotect.hr\/wp-content\/uploads\/2025\/08\/logo-scaled.png","type":"image\/png"}],"twitter_card":"summary_large_image","twitter_misc":{"Procijenjeno vrijeme \u010ditanja":"1 minuta"},"schema":{"@context":"https:\/\/schema.org","@graph":[{"@type":"WebPage","@id":"https:\/\/upiti.sunprotect.hr\/","url":"https:\/\/upiti.sunprotect.hr\/","name":"Komunikator -","isPartOf":{"@id":"https:\/\/upiti.sunprotect.hr\/#website"},"primaryImageOfPage":{"@id":"https:\/\/upiti.sunprotect.hr\/#primaryimage"},"image":{"@id":"https:\/\/upiti.sunprotect.hr\/#primaryimage"},"thumbnailUrl":"https:\/\/upiti.sunprotect.hr\/wp-content\/uploads\/2025\/08\/logo-768x109.png","datePublished":"2025-08-28T20:26:08+00:00","dateModified":"2025-08-31T20:12:05+00:00","breadcrumb":{"@id":"https:\/\/upiti.sunprotect.hr\/#breadcrumb"},"inLanguage":"hr","potentialAction":[{"@type":"ReadAction","target":["https:\/\/upiti.sunprotect.hr\/"]}]},{"@type":"ImageObject","inLanguage":"hr","@id":"https:\/\/upiti.sunprotect.hr\/#primaryimage","url":"https:\/\/upiti.sunprotect.hr\/wp-content\/uploads\/2025\/08\/logo-scaled.png","contentUrl":"https:\/\/upiti.sunprotect.hr\/wp-content\/uploads\/2025\/08\/logo-scaled.png","width":2560,"height":363},{"@type":"BreadcrumbList","@id":"https:\/\/upiti.sunprotect.hr\/#breadcrumb","itemListElement":[{"@type":"ListItem","position":1,"name":"Po\u010detna stranica","item":"https:\/\/upiti.sunprotect.hr\/"},{"@type":"ListItem","position":2,"name":"Komunikator"}]},{"@type":"WebSite","@id":"https:\/\/upiti.sunprotect.hr\/#website","url":"https:\/\/upiti.sunprotect.hr\/","name":"","description":"","potentialAction":[{"@type":"SearchAction","target":{"@type":"EntryPoint","urlTemplate":"https:\/\/upiti.sunprotect.hr\/?s={search_term_string}"},"query-input":{"@type":"PropertyValueSpecification","valueRequired":true,"valueName":"search_term_string"}}],"inLanguage":"hr"}]}},"_links":{"self":[{"href":"https:\/\/upiti.sunprotect.hr\/index.php\/wp-json\/wp\/v2\/pages\/36","targetHints":{"allow":["GET"]}}],"collection":[{"href":"https:\/\/upiti.sunprotect.hr\/index.php\/wp-json\/wp\/v2\/pages"}],"about":[{"href":"https:\/\/upiti.sunprotect.hr\/index.php\/wp-json\/wp\/v2\/types\/page"}],"author":[{"embeddable":true,"href":"https:\/\/upiti.sunprotect.hr\/index.php\/wp-json\/wp\/v2\/users\/1"}],"replies":[{"embeddable":true,"href":"https:\/\/upiti.sunprotect.hr\/index.php\/wp-json\/wp\/v2\/comments?post=36"}],"version-history":[{"count":31,"href":"https:\/\/upiti.sunprotect.hr\/index.php\/wp-json\/wp\/v2\/pages\/36\/revisions"}],"predecessor-version":[{"id":104,"href":"https:\/\/upiti.sunprotect.hr\/index.php\/wp-json\/wp\/v2\/pages\/36\/revisions\/104"}],"wp:attachment":[{"href":"https:\/\/upiti.sunprotect.hr\/index.php\/wp-json\/wp\/v2\/media?parent=36"}],"curies":[{"name":"wp","href":"https:\/\/api.w.org\/{rel}","templated":true}]}}